{"id":519,"date":"2021-05-26T10:56:39","date_gmt":"2021-05-26T09:56:39","guid":{"rendered":"http:\/\/www.smartrebirth.org\/?page_id=519"},"modified":"2021-05-27T18:55:40","modified_gmt":"2021-05-27T17:55:40","slug":"homepage-v2","status":"publish","type":"page","link":"http:\/\/www.smartrebirth.org\/","title":{"rendered":"Homepage V2"},"content":{"rendered":"[blank_spacer height=&#8221;30px&#8221; width=&#8221;1\/1&#8243; el_position=&#8221;first last&#8221;] [spb_text_block pb_margin_bottom=&#8221;no&#8221; pb_border_bottom=&#8221;no&#8221; width=&#8221;1\/1&#8243; el_position=&#8221;first last&#8221;]\n<p class=\"impact-text-large\" style=\"text-align: center;\"><span style=\"color: #808080;\">Une nouvelle voie vers le r\u00e9emploi des t\u00e9l\u00e9phones mobiles<\/span><\/p>\n[\/spb_text_block] [blank_spacer height=&#8221;30px&#8221; width=&#8221;1\/1&#8243; el_position=&#8221;first last&#8221;] [spb_parallax parallax_type=&#8221;image&#8221; bg_image=&#8221;580&#8243; bg_type=&#8221;cover&#8221; parallax_video_height=&#8221;content-height&#8221; parallax_video_overlay=&#8221;none&#8221; parallax_image_height=&#8221;content-height&#8221; parallax_image_movement=&#8221;scroll&#8221; parallax_image_speed=&#8221;0.5&#8243; padding_horizontal=&#8221;0&#8243; alt_background=&#8221;none&#8221; width=&#8221;1\/1&#8243; el_position=&#8221;first last&#8221;]\n<p style=\"text-align: center;\"><span style=\"color: #333333;\">Les t\u00e9l\u00e9phones mobiles ont en France une <span style=\"color: #2b7f70;\">dur\u00e9e de vie inf\u00e9rieure \u00e0 3 ans<\/span> en moyenne,<br \/>\net plusieurs millions <\/span><span style=\"color: #333333;\">de t\u00e9l\u00e9phones encore fonctionnels dorment dans des tiroirs.<\/span><\/p>\n<p style=\"text-align: center;\"><span style=\"color: #333333;\">Leur <span style=\"color: #2b7f70;\">reconditionnement est \u00e9conomiquement peu viable<\/span> pour une majorit\u00e9 d&#8217;appareils,<\/span><br \/>\n<span style=\"color: #333333;\">le <span style=\"color: #2b7f70;\">co\u00fbt de remise en \u00e9tat <\/span>pouvant s&#8217;av\u00e9rer trop important pour un appareil qui de surcro\u00eet<\/span><br \/>\n<span style=\"color: #333333;\">fonctionne avec un <span style=\"color: #2b7f70;\">logiciel obsol\u00e8te <span style=\"color: #333333;\">et trouvera donc difficilement acqu\u00e9reur.<\/span><\/span><\/span><\/p>\n<p style=\"text-align: center;\"><span style=\"color: #333333;\">La majorit\u00e9 des consommateurs pr\u00e9f\u00e8rent <span style=\"color: #2b7f70;\">acheter un t\u00e9l\u00e9phone neuf <\/span><\/span><span style=\"color: #333333;\">avec un logiciel mis \u00e0 jour,<br \/>\n<\/span><span style=\"color: #333333;\">mais ont du mal \u00e0 se s\u00e9parer de <\/span><span style=\"color: #333333;\">leur <span style=\"color: #2b7f70;\">ancien mobile<br \/>\n<\/span>fonctionnel sachant qu&#8217;il sera <\/span><span style=\"color: #333333;\"><span style=\"color: #2b7f70;\">d\u00e9truit pour le recyclage.<\/span><\/span><\/p>\n[\/spb_parallax] [blank_spacer height=&#8221;30px&#8221; width=&#8221;1\/1&#8243; el_position=&#8221;first last&#8221;] [spb_parallax parallax_type=&#8221;image&#8221; bg_image=&#8221;610&#8243; bg_type=&#8221;cover&#8221; parallax_video_height=&#8221;content-height&#8221; parallax_video_overlay=&#8221;none&#8221; parallax_image_height=&#8221;content-height&#8221; parallax_image_movement=&#8221;scroll&#8221; parallax_image_speed=&#8221;0.5&#8243; padding_horizontal=&#8221;0&#8243; alt_background=&#8221;none&#8221; width=&#8221;1\/1&#8243; el_position=&#8221;first last&#8221;]\n<p style=\"padding-left: 40px; text-align: center;\">Dans une d\u00e9marche d&#8217;<span style=\"color: #2f7f70;\">\u00e9conomie des ressources rares<\/span>, de <span style=\"color: #2f7f70;\">r\u00e9duction des d\u00e9chets <\/span>et avec<br \/>\nla volont\u00e9 de <span style=\"color: #2f7f70;\">d\u00e9velopper l&#8217;\u00e9conomie circulaire, <\/span>nous r\u00e9employons l&#8217;\u00e9lectronique des t\u00e9l\u00e9phones<br \/>\npour les <span style=\"color: #2f7f70;\">transformer en modules de calcul<\/span> informatique.<\/p>\n<p style=\"padding-left: 40px; text-align: center;\">Cette d\u00e9marche de r\u00e9emploi permet d&#8217;<span style=\"color: #2f7f70;\">augmenter le nombre de terminaux r\u00e9employ\u00e9s<\/span>,<br \/>\nen revalorisant des t\u00e9l\u00e9phones avec des d\u00e9fauts d&#8217;aspects ou avec des \u00e9l\u00e9ments non fonctionnels,<br \/>\ncomme l&#8217;\u00e9cran ou la batterie, qui seraient normalement d\u00e9truits pour \u00eatre recycl\u00e9s.<\/p>\n<p style=\"padding-left: 40px; text-align: center;\">Nos modules sont s\u00e9lectionn\u00e9s pour leurs <span style=\"color: #2f7f70;\">performances<\/span>, leur <span style=\"color: #2f7f70;\">excellente efficacit\u00e9 \u00e9nerg\u00e9tique<\/span>,<br \/>\net d\u00e9velopp\u00e9s selon une d\u00e9marche d&#8217;<span style=\"color: #2f7f70;\">\u00e9co-conception<\/span>, afin de r\u00e9duire leur impact environnemental.<\/p>\n<p style=\"text-align: center;\">A performance \u00e9quivalente, nos solutions sont au minimum <span style=\"color: #2f7f70;\">5 fois plus \u00e9conomes<\/span><br \/>\nen \u00e9nergie que les machines employ\u00e9es dans le cloud.<\/p>\n[\/spb_parallax] [blank_spacer height=&#8221;30px&#8221; width=&#8221;1\/1&#8243; el_position=&#8221;first last&#8221;] [spb_text_block pb_margin_bottom=&#8221;no&#8221; pb_border_bottom=&#8221;no&#8221; width=&#8221;1\/1&#8243; el_position=&#8221;first last&#8221;]\n<p>&nbsp;<\/p>\n<p class=\"impact-text\" style=\"text-align: center;\">Nous proposons ces modules de calcul pour un grand nombre d&#8217;applications d&#8217;<span style=\"color: #2b7f70;\"><strong>intelligence artificielle<\/strong><\/span>, d&#8217;<span style=\"color: #2b7f70;\"><strong>IoT<\/strong><\/span> ou <span style=\"color: #2b7f70;\"><strong>Edge Computing<\/strong><\/span>.<\/p>\n<p>&nbsp;<\/p>\n[\/spb_text_block] [blank_spacer height=&#8221;30px&#8221; width=&#8221;1\/1&#8243; el_position=&#8221;first last&#8221;] [spb_parallax parallax_type=&#8221;image&#8221; bg_image=&#8221;579&#8243; bg_type=&#8221;cover&#8221; parallax_video_height=&#8221;content-height&#8221; parallax_video_overlay=&#8221;none&#8221; parallax_image_height=&#8221;content-height&#8221; parallax_image_movement=&#8221;scroll&#8221; parallax_image_speed=&#8221;0.5&#8243; padding_horizontal=&#8221;0&#8243; alt_background=&#8221;none&#8221; width=&#8221;1\/1&#8243; el_position=&#8221;first last&#8221;]\n<p>&nbsp;<\/p>\n<p>&nbsp;<\/p>\n[\/spb_parallax] [blank_spacer height=&#8221;30px&#8221; width=&#8221;1\/1&#8243; el_position=&#8221;first last&#8221;] [impact_text include_button=&#8221;yes&#8221; button_style=&#8221;standard&#8221; title=&#8221;Contact&#8221; href=&#8221;http:\/\/www.smartrebirth.org\/index.php\/contact\/&#8221; color=&#8221;accent&#8221; target=&#8221;_self&#8221; position=&#8221;cta_align_bottom&#8221; alt_background=&#8221;none&#8221; width=&#8221;1\/1&#8243; el_position=&#8221;first last&#8221;]\n<p class=\"impact-text\" style=\"text-align: center;\">Vous voulez en savoir plus ?<\/p>\n[\/impact_text]\n","protected":false},"excerpt":{"rendered":"<p>[blank_spacer height=&#8221;30px&#8221; width=&#8221;1\/1&#8243; el_position=&#8221;first last&#8221;] [spb_text_block pb_margin_bottom=&#8221;no&#8221; pb_border_bottom=&#8221;no&#8221; width=&#8221;1\/1&#8243; el_position=&#8221;first last&#8221;] Une nouvelle voie vers le r\u00e9emploi des t\u00e9l\u00e9phones mobiles [\/spb_text_block] [blank_spacer height=&#8221;30px&#8221; width=&#8221;1\/1&#8243; el_position=&#8221;first last&#8221;] [spb_parallax parallax_type=&#8221;image&#8221; bg_image=&#8221;580&#8243; bg_type=&#8221;cover&#8221; parallax_video_height=&#8221;content-height&#8221; parallax_video_overlay=&#8221;none&#8221; parallax_image_height=&#8221;content-height&#8221; parallax_image_movement=&#8221;scroll&#8221; parallax_image_speed=&#8221;0.5&#8243; padding_horizontal=&#8221;0&#8243; alt_background=&#8221;none&#8221; width=&#8221;1\/1&#8243; el_position=&#8221;first last&#8221;] Les t\u00e9l\u00e9phones mobiles ont en France une dur\u00e9e de vie inf\u00e9rieure \u00e0 3 ans en moyenne, et plusieurs millions de [&hellip;]<\/p>\n","protected":false},"author":1,"featured_media":0,"parent":0,"menu_order":0,"comment_status":"closed","ping_status":"closed","template":"","meta":{"_monsterinsights_skip_tracking":false,"_monsterinsights_sitenote_active":false,"_monsterinsights_sitenote_note":"","_monsterinsights_sitenote_category":0},"_links":{"self":[{"href":"http:\/\/www.smartrebirth.org\/index.php\/wp-json\/wp\/v2\/pages\/519"}],"collection":[{"href":"http:\/\/www.smartrebirth.org\/index.php\/wp-json\/wp\/v2\/pages"}],"about":[{"href":"http:\/\/www.smartrebirth.org\/index.php\/wp-json\/wp\/v2\/types\/page"}],"author":[{"embeddable":true,"href":"http:\/\/www.smartrebirth.org\/index.php\/wp-json\/wp\/v2\/users\/1"}],"replies":[{"embeddable":true,"href":"http:\/\/www.smartrebirth.org\/index.php\/wp-json\/wp\/v2\/comments?post=519"}],"version-history":[{"count":64,"href":"http:\/\/www.smartrebirth.org\/index.php\/wp-json\/wp\/v2\/pages\/519\/revisions"}],"predecessor-version":[{"id":622,"href":"http:\/\/www.smartrebirth.org\/index.php\/wp-json\/wp\/v2\/pages\/519\/revisions\/622"}],"wp:attachment":[{"href":"http:\/\/www.smartrebirth.org\/index.php\/wp-json\/wp\/v2\/media?parent=519"}],"curies":[{"name":"wp","href":"https:\/\/api.w.org\/{rel}","templated":true}]}}